{"id":20,"date":"2024-08-23T04:10:45","date_gmt":"2024-08-23T01:10:45","guid":{"rendered":"https:\/\/www.haberdanimarka.com\/tr-tr\/?page_id=20"},"modified":"2024-08-23T04:33:13","modified_gmt":"2024-08-23T01:33:13","slug":"bize-ulasin","status":"publish","type":"page","link":"https:\/\/www.dkturk.com\/tr-tr\/bize-ulasin\/","title":{"rendered":"Bize Ula\u015f\u0131n"},"content":{"rendered":"<p><strong>Haber Danimarka<\/strong><\/p>\n<p><strong>Udgiver \/ Sahibi &#8211; Yay\u0131nc\u0131:<\/strong><br \/>\nTN Medya Reklam Bili\u015fim Ltd. \u015eti.<br \/>\nNi\u015fanta\u015f Mah. Dr. M. Hulusi Baybal Cad.<br \/>\nHaz\u0131m Ulu\u015fahin \u0130\u015f Merkezi Sitesi A Blok No: 1 \u0130\u00e7 kap\u0131: 408<br \/>\n42060 Sel\u00e7uklu \/ Konya<br \/>\nT\u00fcrkiye<\/p>\n<p>\u0130nternet: <a href=\"https:\/\/www.tn.com.tr\" target=\"_blank\" rel=\"noopener\">TN Medya Reklam Bili\u015fim Ltd. \u015eti.<\/a><\/p>\n<p><strong>Haber Danimarka E-Posta:<\/strong><\/p>\n<p>E-posta: <a href=\"mailto:merhaba@haberdanimarka.com\">merhaba@haberdanimarka.com<\/a><\/p>\n<p><strong>Sosyal Medya Hesaplar\u0131m\u0131z:<\/strong><\/p>\n<p>Google Haberler: <a href=\"https:\/\/news.google.com\/publications\/CAAqBwgKMIyC9Qowu67bAg\" target=\"_blank\" rel=\"noopener\">https:\/\/news.google.com\/publications\/CAAqBwgKMIyC9Qowu67bAg<\/a><\/p>\n<p>YouTube: <a href=\"https:\/\/www.youtube.com\/@haberdanimarka\" target=\"_blank\" rel=\"noopener\">https:\/\/www.youtube.com\/@haberdanimarka<\/a><\/p>\n<p>Facebook: <a href=\"https:\/\/www.facebook.com\/haberdanimarka\" target=\"_blank\" rel=\"noopener\">https:\/\/www.facebook.com\/haberdanimarka<\/a><\/p>\n<p>Instagram: <a href=\"https:\/\/www.instagram.com\/haberdanimarka\" target=\"_blank\" rel=\"noopener\">https:\/\/www.instagram.com\/haberdanimarka<\/a><\/p>\n","protected":false},"excerpt":{"rendered":"<p>Haber Danimarka Udgiver \/ Sahibi &#8211; Yay\u0131nc\u0131: TN Medya Reklam Bili\u015fim Ltd. \u015eti. Ni\u015fanta\u015f Mah. Dr. M. Hulusi Baybal Cad. Haz\u0131m Ulu\u015fahin \u0130\u015f Merkezi Sitesi A Blok No: 1 \u0130\u00e7 &hellip; <\/p>\n","protected":false},"author":2,"featured_media":0,"parent":0,"menu_order":0,"comment_status":"closed","ping_status":"closed","template":"","meta":{"footnotes":""},"coauthors":[],"class_list":["post-20","page","type-page","status-publish","hentry"],"_links":{"self":[{"href":"https:\/\/www.dkturk.com\/tr-tr\/wp-json\/wp\/v2\/pages\/20","targetHints":{"allow":["GET"]}}],"collection":[{"href":"https:\/\/www.dkturk.com\/tr-tr\/wp-json\/wp\/v2\/pages"}],"about":[{"href":"https:\/\/www.dkturk.com\/tr-tr\/wp-json\/wp\/v2\/types\/page"}],"author":[{"embeddable":true,"href":"https:\/\/www.dkturk.com\/tr-tr\/wp-json\/wp\/v2\/users\/2"}],"replies":[{"embeddable":true,"href":"https:\/\/www.dkturk.com\/tr-tr\/wp-json\/wp\/v2\/comments?post=20"}],"version-history":[{"count":8,"href":"https:\/\/www.dkturk.com\/tr-tr\/wp-json\/wp\/v2\/pages\/20\/revisions"}],"predecessor-version":[{"id":39,"href":"https:\/\/www.dkturk.com\/tr-tr\/wp-json\/wp\/v2\/pages\/20\/revisions\/39"}],"wp:attachment":[{"href":"https:\/\/www.dkturk.com\/tr-tr\/wp-json\/wp\/v2\/media?parent=20"}],"wp:term":[{"taxonomy":"author","embeddable":true,"href":"https:\/\/www.dkturk.com\/tr-tr\/wp-json\/wp\/v2\/coauthors?post=20"}],"curies":[{"name":"wp","href":"https:\/\/api.w.org\/{rel}","templated":true}]}}