{"id":85,"date":"2024-08-23T15:03:15","date_gmt":"2024-08-23T12:03:15","guid":{"rendered":"https:\/\/www.haberdanimarka.com\/tr-tr\/?page_id=85"},"modified":"2024-08-23T15:31:00","modified_gmt":"2024-08-23T12:31:00","slug":"reklam-tarifesi","status":"publish","type":"page","link":"https:\/\/www.dkturk.com\/tr-tr\/reklam-tarifesi\/","title":{"rendered":"Reklam Tarifesi"},"content":{"rendered":"<p><span style=\"color: red;\"><strong>Haber Danimarka<\/strong><\/span> &#8216;ya reklam verin, k\u00fc\u00e7\u00fck b\u00fct\u00e7elerle b\u00fcy\u00fck kitlelere ula\u015f\u0131n!<\/p>\n<p>\u0130nternet sitemiz sayesinde <strong>Danimarka<\/strong> &#8216;da ya\u015fayan on binlerce potansiyel m\u00fc\u015fteriye ve ziyaret\u00e7iye ula\u015fabilirsiniz!<\/p>\n<p><strong>Haber Danimarka Reklam Tarifesi<\/strong><\/p>\n<p><strong>1 Hafta:<\/strong> 100 EUR + KDV<\/p>\n<p><strong>En az sat\u0131\u015f:<\/strong> 1000 EUR + KDV<\/p>\n<p><strong>Haber Danimarka<\/strong> internet sitemize reklam vermek i\u00e7in l\u00fctfen reklam ekibimizle irtibata ge\u00e7iniz.<\/p>\n<p><strong>E-posta:<\/strong> <a href=\"mailto:sales@tn.com.tr\">sales@tn.com.tr<\/a><\/p>\n","protected":false},"excerpt":{"rendered":"<p>Haber Danimarka &#8216;ya reklam verin, k\u00fc\u00e7\u00fck b\u00fct\u00e7elerle b\u00fcy\u00fck kitlelere ula\u015f\u0131n! \u0130nternet sitemiz sayesinde Danimarka &#8216;da ya\u015fayan on binlerce potansiyel m\u00fc\u015fteriye ve ziyaret\u00e7iye ula\u015fabilirsiniz! Haber Danimarka Reklam Tarifesi 1 Hafta: 100 &hellip; <\/p>\n","protected":false},"author":2,"featured_media":0,"parent":0,"menu_order":0,"comment_status":"closed","ping_status":"closed","template":"","meta":{"footnotes":""},"coauthors":[57],"class_list":["post-85","page","type-page","status-publish","hentry"],"_links":{"self":[{"href":"https:\/\/www.dkturk.com\/tr-tr\/wp-json\/wp\/v2\/pages\/85","targetHints":{"allow":["GET"]}}],"collection":[{"href":"https:\/\/www.dkturk.com\/tr-tr\/wp-json\/wp\/v2\/pages"}],"about":[{"href":"https:\/\/www.dkturk.com\/tr-tr\/wp-json\/wp\/v2\/types\/page"}],"author":[{"embeddable":true,"href":"https:\/\/www.dkturk.com\/tr-tr\/wp-json\/wp\/v2\/users\/2"}],"replies":[{"embeddable":true,"href":"https:\/\/www.dkturk.com\/tr-tr\/wp-json\/wp\/v2\/comments?post=85"}],"version-history":[{"count":14,"href":"https:\/\/www.dkturk.com\/tr-tr\/wp-json\/wp\/v2\/pages\/85\/revisions"}],"predecessor-version":[{"id":104,"href":"https:\/\/www.dkturk.com\/tr-tr\/wp-json\/wp\/v2\/pages\/85\/revisions\/104"}],"wp:attachment":[{"href":"https:\/\/www.dkturk.com\/tr-tr\/wp-json\/wp\/v2\/media?parent=85"}],"wp:term":[{"taxonomy":"author","embeddable":true,"href":"https:\/\/www.dkturk.com\/tr-tr\/wp-json\/wp\/v2\/coauthors?post=85"}],"curies":[{"name":"wp","href":"https:\/\/api.w.org\/{rel}","templated":true}]}}